{"id":847,"date":"2023-10-23T19:20:00","date_gmt":"2023-10-23T19:20:00","guid":{"rendered":"https:\/\/oneskates.com\/?post_type=product&#038;p=847"},"modified":"2025-10-13T04:24:16","modified_gmt":"2025-10-13T04:24:16","slug":"iqon-gold-bearings-x20-set-black","status":"publish","type":"product","link":"https:\/\/oneskates.com\/es\/producto\/iqon-gold-bearings-x20-set-black\/","title":{"rendered":"Juego de 20 rodamientos IQON Gold (Negro)"},"content":{"rendered":"<div data-elementor-type=\"product-post\" data-elementor-id=\"847\" class=\"elementor elementor-847\" data-elementor-post-type=\"product\">\n\t\t\t\t\t\t<section class=\"elementor-section elementor-top-section elementor-element elementor-element-357f57e0 elementor-section-boxed elementor-section-height-default elementor-section-height-default\" data-id=\"357f57e0\" data-element_type=\"section\" data-e-type=\"section\">\n\t\t\t\t\t\t<div class=\"elementor-container elementor-column-gap-default\">\n\t\t\t\t\t<div class=\"elementor-column elementor-col-100 elementor-top-column elementor-element elementor-element-50a8b37d\" data-id=\"50a8b37d\" data-element_type=\"column\" data-e-type=\"column\">\n\t\t\t<div class=\"elementor-widget-wrap elementor-element-populated\">\n\t\t\t\t\t\t<div class=\"elementor-element elementor-element-2ea67017 elementor-widget elementor-widget-text-editor\" data-id=\"2ea67017\" data-element_type=\"widget\" data-e-type=\"widget\" data-widget_type=\"text-editor.default\">\n\t\t\t\t<div class=\"elementor-widget-container\">\n\t\t\t\t\t\t\t\t\t<p><span style=\"color: var( --e-global-color-text ); font-family: var( --e-global-typography-text-font-family ), Sans-serif; font-weight: var( --e-global-typography-text-font-weight ); letter-spacing: 0px; word-spacing: 0em; text-align: var(--text-align);\">Los rodamientos IQON Gold son una propuesta de nivel de entrada en la l\u00ednea IQON, pero son tan buenos como cualquier rodamiento de acero disponible en el mercado. Tienen 6 bolas, retenedor de nylon, escudos de goma y acero de alta calidad. \u00bfQu\u00e9 m\u00e1s se puede pedir?<\/span><\/p>\n<h5><strong>Datos t\u00e9cnicos<\/strong><\/h5>\n<ul>\n<li>N\u00famero de bolas: 6<\/li>\n<li>Material de bola: Acero cromado<\/li>\n<li>Tama\u00f1o de rodamientos: 608<\/li>\n<li>Escudo:<\/li>\n<li>En el conjunto: 20<\/li>\n<\/ul><div><br><\/div><div><h5 style=\"font-family: Roboto, sans-serif; color: rgb(196, 196, 196);\"><span style=\"font-weight: bolder;\">El paquete incluye<\/span><\/h5><ul style=\"font-size: 16px; background-color: rgb(37, 42, 53);\"><li style=\"font-size: 16px;\"><span style=\"background-color: transparent; color: var( --e-global-color-text ); font-family: var( --e-global-typography-text-font-family ), Sans-serif; font-weight: var( --e-global-typography-text-font-weight ); letter-spacing: 0px; word-spacing: 0em;\">20 rodamientos IQON Gold (negros)<\/span><br><\/li><\/ul><\/div><div><br><\/div>\n<h5><strong>Sobre el fabricante<\/strong><\/h5>\n<p>La marca IQON, perteneciente a la compa\u00f1\u00eda Disroyal, es un nuevo y s\u00f3lido jugador en el mercado de patines, frames, ruedas y rodamientos. IQON prioriza la calidad: solo fabrican productos premium. Pero eso no es todo: la marca alemana no duda en presentar ideas que alguna vez se consideraron demasiado locas para ser producidas.<\/p>\n<p>Vale la pena mencionar que Disroyal fue fundada por Matthias Knoll, uno de los propietarios de Powerslide. Reuni\u00f3 a un equipo de algunos de los talentos m\u00e1s destacados en el patinaje para crear una marca verdaderamente excepcional. IQON en s\u00ed est\u00e1 atrayendo a m\u00e1s y m\u00e1s patinadores: el primer gran nombre en el deporte que dio el salto fue Montre Livingston, quien cambi\u00f3 de equipo despu\u00e9s de a\u00f1os de colaboraci\u00f3n con la marca USD.<\/p>\t\t\t\t\t\t\t\t<\/div>\n\t\t\t\t<\/div>\n\t\t\t\t\t<\/div>\n\t\t<\/div>\n\t\t\t\t\t<\/div>\n\t\t<\/section>\n\t\t\t\t<\/div>","protected":false},"excerpt":{"rendered":"<p>Los rodamientos IQON Gold forman parte de la l\u00ednea de productos IQON y ofrecen un rendimiento notable. A pesar de su clasificaci\u00f3n de nivel de entrada, pueden competir con los mejores rodamientos de acero en el mercado. Estos rodamientos cuentan con las siguientes especificaciones:<\/p>\n<ul>\n<li><strong>N\u00famero de bolas:<\/strong> 6<\/li>\n<li><strong>Material de bola:<\/strong> Acero cromado<\/li>\n<li><strong>Tama\u00f1o de rodamientos:<\/strong> 608<\/li>\n<li><strong>Escudo:<\/strong> (Protectores de goma)<\/li>\n<li><strong>En el conjunto:<\/strong> 20 rodamientos<\/li>\n<\/ul>","protected":false},"featured_media":1063,"comment_status":"open","ping_status":"closed","template":"","meta":[],"product_brand":[],"product_cat":[33],"product_tag":[35,34,36],"class_list":{"0":"post-847","1":"product","2":"type-product","3":"status-publish","4":"has-post-thumbnail","6":"product_cat-bearings","7":"product_tag-bearings","8":"product_tag-iqon","9":"product_tag-rodamientos","11":"first","12":"instock","13":"taxable","14":"shipping-taxable","15":"purchasable","16":"product-type-simple"},"supplier_id":null,"supplier_sku":"","barcode":null,"atum_controlled":true,"out_stock_date":null,"out_stock_threshold":null,"inheritable":false,"inbound_stock":0,"stock_on_hold":0,"sold_today":0,"sales_last_days":0,"reserved_stock":0,"customer_returns":0,"warehouse_damage":0,"lost_in_post":0,"other_logs":0,"out_stock_days":0,"lost_sales":0,"has_location":false,"update_date":"2026-05-02T04:25:00","atum_locations":[],"atum_stock_status":"instock","restock_status":false,"low_stock_amount":"","sales_update_date":"2026-05-02T04:25:00","calc_backorders":null,"yoast_head":"<!-- This site is optimized with the Yoast SEO plugin v27.5 - https:\/\/yoast.com\/product\/yoast-seo-wordpress\/ -->\n<title>IQON Gold Bearings x20 set (Black) - ONE SKATES<\/title>\n<meta name=\"robots\" content=\"index, follow, max-snippet:-1, max-image-preview:large, max-video-preview:-1\" \/>\n<link rel=\"canonical\" href=\"https:\/\/oneskates.com\/es\/producto\/iqon-gold-bearings-x20-set-black\/\" \/>\n<meta property=\"og:locale\" content=\"es_ES\" \/>\n<meta property=\"og:type\" content=\"article\" \/>\n<meta property=\"og:title\" content=\"IQON Gold Bearings x20 set (Black) - ONE SKATES\" \/>\n<meta property=\"og:description\" content=\"The IQON Gold bearings are part of the IQON product line and offer remarkable performance. Despite their entry-level classification, they can compete with the best steel bearings on the market. These bearings feature the following specifications:   Number of Balls: 6  Ball Material: Chrome Steel  Bearings Size: 608  Shield: RZ (Rubberized Shields)  In Set: 20 bearings\" \/>\n<meta property=\"og:url\" content=\"https:\/\/oneskates.com\/es\/producto\/iqon-gold-bearings-x20-set-black\/\" \/>\n<meta property=\"og:site_name\" content=\"ONE SKATES\" \/>\n<meta property=\"article:modified_time\" content=\"2025-10-13T04:24:16+00:00\" \/>\n<meta property=\"og:image\" content=\"https:\/\/oneskates.com\/wp-content\/uploads\/2023\/10\/bearings.png\" \/>\n\t<meta property=\"og:image:width\" content=\"1080\" \/>\n\t<meta property=\"og:image:height\" content=\"1080\" \/>\n\t<meta property=\"og:image:type\" content=\"image\/png\" \/>\n<meta name=\"twitter:card\" content=\"summary_large_image\" \/>\n<meta name=\"twitter:label1\" content=\"Tiempo de lectura\" \/>\n\t<meta name=\"twitter:data1\" content=\"1 minuto\" \/>\n<script type=\"application\/ld+json\" class=\"yoast-schema-graph\">{\"@context\":\"https:\\\/\\\/schema.org\",\"@graph\":[{\"@type\":\"WebPage\",\"@id\":\"https:\\\/\\\/oneskates.com\\\/product\\\/iqon-gold-bearings-x20-set-black\\\/\",\"url\":\"https:\\\/\\\/oneskates.com\\\/product\\\/iqon-gold-bearings-x20-set-black\\\/\",\"name\":\"IQON Gold Bearings x20 set (Black) - ONE SKATES\",\"isPartOf\":{\"@id\":\"https:\\\/\\\/oneskates.com\\\/#website\"},\"primaryImageOfPage\":{\"@id\":\"https:\\\/\\\/oneskates.com\\\/product\\\/iqon-gold-bearings-x20-set-black\\\/#primaryimage\"},\"image\":{\"@id\":\"https:\\\/\\\/oneskates.com\\\/product\\\/iqon-gold-bearings-x20-set-black\\\/#primaryimage\"},\"thumbnailUrl\":\"https:\\\/\\\/oneskates.com\\\/wp-content\\\/uploads\\\/2023\\\/10\\\/bearings.png\",\"datePublished\":\"2023-10-23T19:20:00+00:00\",\"dateModified\":\"2025-10-13T04:24:16+00:00\",\"breadcrumb\":{\"@id\":\"https:\\\/\\\/oneskates.com\\\/product\\\/iqon-gold-bearings-x20-set-black\\\/#breadcrumb\"},\"inLanguage\":\"es\",\"potentialAction\":[{\"@type\":\"ReadAction\",\"target\":[\"https:\\\/\\\/oneskates.com\\\/product\\\/iqon-gold-bearings-x20-set-black\\\/\"]}]},{\"@type\":\"ImageObject\",\"inLanguage\":\"es\",\"@id\":\"https:\\\/\\\/oneskates.com\\\/product\\\/iqon-gold-bearings-x20-set-black\\\/#primaryimage\",\"url\":\"https:\\\/\\\/oneskates.com\\\/wp-content\\\/uploads\\\/2023\\\/10\\\/bearings.png\",\"contentUrl\":\"https:\\\/\\\/oneskates.com\\\/wp-content\\\/uploads\\\/2023\\\/10\\\/bearings.png\",\"width\":1080,\"height\":1080},{\"@type\":\"BreadcrumbList\",\"@id\":\"https:\\\/\\\/oneskates.com\\\/product\\\/iqon-gold-bearings-x20-set-black\\\/#breadcrumb\",\"itemListElement\":[{\"@type\":\"ListItem\",\"position\":1,\"name\":\"Home\",\"item\":\"https:\\\/\\\/oneskates.com\\\/\"},{\"@type\":\"ListItem\",\"position\":2,\"name\":\"Shop\",\"item\":\"https:\\\/\\\/oneskates.com\\\/shop\\\/\"},{\"@type\":\"ListItem\",\"position\":3,\"name\":\"IQON Gold Bearings x20 set (Black)\"}]},{\"@type\":\"WebSite\",\"@id\":\"https:\\\/\\\/oneskates.com\\\/#website\",\"url\":\"https:\\\/\\\/oneskates.com\\\/\",\"name\":\"ONE SKATES\",\"description\":\"The Future of Skating\",\"publisher\":{\"@id\":\"https:\\\/\\\/oneskates.com\\\/#organization\"},\"potentialAction\":[{\"@type\":\"SearchAction\",\"target\":{\"@type\":\"EntryPoint\",\"urlTemplate\":\"https:\\\/\\\/oneskates.com\\\/?s={search_term_string}\"},\"query-input\":{\"@type\":\"PropertyValueSpecification\",\"valueRequired\":true,\"valueName\":\"search_term_string\"}}],\"inLanguage\":\"es\"},{\"@type\":\"Organization\",\"@id\":\"https:\\\/\\\/oneskates.com\\\/#organization\",\"name\":\"ONE SKATES\",\"url\":\"https:\\\/\\\/oneskates.com\\\/\",\"logo\":{\"@type\":\"ImageObject\",\"inLanguage\":\"es\",\"@id\":\"https:\\\/\\\/oneskates.com\\\/#\\\/schema\\\/logo\\\/image\\\/\",\"url\":\"https:\\\/\\\/oneskates.com\\\/wp-content\\\/uploads\\\/2023\\\/07\\\/cropped-Asset-2@4x.png\",\"contentUrl\":\"https:\\\/\\\/oneskates.com\\\/wp-content\\\/uploads\\\/2023\\\/07\\\/cropped-Asset-2@4x.png\",\"width\":512,\"height\":512,\"caption\":\"ONE SKATES\"},\"image\":{\"@id\":\"https:\\\/\\\/oneskates.com\\\/#\\\/schema\\\/logo\\\/image\\\/\"},\"sameAs\":[\"https:\\\/\\\/www.instagram.com\\\/oneskates\"]}]}<\/script>\n<!-- \/ Yoast SEO plugin. -->","yoast_head_json":{"title":"IQON Gold Bearings x20 set (Black) - ONE SKATES","robots":{"index":"index","follow":"follow","max-snippet":"max-snippet:-1","max-image-preview":"max-image-preview:large","max-video-preview":"max-video-preview:-1"},"canonical":"https:\/\/oneskates.com\/es\/producto\/iqon-gold-bearings-x20-set-black\/","og_locale":"es_ES","og_type":"article","og_title":"IQON Gold Bearings x20 set (Black) - ONE SKATES","og_description":"The IQON Gold bearings are part of the IQON product line and offer remarkable performance. Despite their entry-level classification, they can compete with the best steel bearings on the market. These bearings feature the following specifications:   Number of Balls: 6  Ball Material: Chrome Steel  Bearings Size: 608  Shield: RZ (Rubberized Shields)  In Set: 20 bearings","og_url":"https:\/\/oneskates.com\/es\/producto\/iqon-gold-bearings-x20-set-black\/","og_site_name":"ONE SKATES","article_modified_time":"2025-10-13T04:24:16+00:00","og_image":[{"width":1080,"height":1080,"url":"https:\/\/oneskates.com\/wp-content\/uploads\/2023\/10\/bearings.png","type":"image\/png"}],"twitter_card":"summary_large_image","twitter_misc":{"Tiempo de lectura":"1 minuto"},"schema":{"@context":"https:\/\/schema.org","@graph":[{"@type":"WebPage","@id":"https:\/\/oneskates.com\/product\/iqon-gold-bearings-x20-set-black\/","url":"https:\/\/oneskates.com\/product\/iqon-gold-bearings-x20-set-black\/","name":"IQON Gold Bearings x20 set (Black) - ONE SKATES","isPartOf":{"@id":"https:\/\/oneskates.com\/#website"},"primaryImageOfPage":{"@id":"https:\/\/oneskates.com\/product\/iqon-gold-bearings-x20-set-black\/#primaryimage"},"image":{"@id":"https:\/\/oneskates.com\/product\/iqon-gold-bearings-x20-set-black\/#primaryimage"},"thumbnailUrl":"https:\/\/oneskates.com\/wp-content\/uploads\/2023\/10\/bearings.png","datePublished":"2023-10-23T19:20:00+00:00","dateModified":"2025-10-13T04:24:16+00:00","breadcrumb":{"@id":"https:\/\/oneskates.com\/product\/iqon-gold-bearings-x20-set-black\/#breadcrumb"},"inLanguage":"es","potentialAction":[{"@type":"ReadAction","target":["https:\/\/oneskates.com\/product\/iqon-gold-bearings-x20-set-black\/"]}]},{"@type":"ImageObject","inLanguage":"es","@id":"https:\/\/oneskates.com\/product\/iqon-gold-bearings-x20-set-black\/#primaryimage","url":"https:\/\/oneskates.com\/wp-content\/uploads\/2023\/10\/bearings.png","contentUrl":"https:\/\/oneskates.com\/wp-content\/uploads\/2023\/10\/bearings.png","width":1080,"height":1080},{"@type":"BreadcrumbList","@id":"https:\/\/oneskates.com\/product\/iqon-gold-bearings-x20-set-black\/#breadcrumb","itemListElement":[{"@type":"ListItem","position":1,"name":"Home","item":"https:\/\/oneskates.com\/"},{"@type":"ListItem","position":2,"name":"Shop","item":"https:\/\/oneskates.com\/shop\/"},{"@type":"ListItem","position":3,"name":"IQON Gold Bearings x20 set (Black)"}]},{"@type":"WebSite","@id":"https:\/\/oneskates.com\/#website","url":"https:\/\/oneskates.com\/","name":"ONE SKATES","description":"The Future of Skating","publisher":{"@id":"https:\/\/oneskates.com\/#organization"},"potentialAction":[{"@type":"SearchAction","target":{"@type":"EntryPoint","urlTemplate":"https:\/\/oneskates.com\/?s={search_term_string}"},"query-input":{"@type":"PropertyValueSpecification","valueRequired":true,"valueName":"search_term_string"}}],"inLanguage":"es"},{"@type":"Organization","@id":"https:\/\/oneskates.com\/#organization","name":"ONE SKATES","url":"https:\/\/oneskates.com\/","logo":{"@type":"ImageObject","inLanguage":"es","@id":"https:\/\/oneskates.com\/#\/schema\/logo\/image\/","url":"https:\/\/oneskates.com\/wp-content\/uploads\/2023\/07\/cropped-Asset-2@4x.png","contentUrl":"https:\/\/oneskates.com\/wp-content\/uploads\/2023\/07\/cropped-Asset-2@4x.png","width":512,"height":512,"caption":"ONE SKATES"},"image":{"@id":"https:\/\/oneskates.com\/#\/schema\/logo\/image\/"},"sameAs":["https:\/\/www.instagram.com\/oneskates"]}]}},"_links":{"self":[{"href":"https:\/\/oneskates.com\/es\/wp-json\/wp\/v2\/product\/847","targetHints":{"allow":["GET"]}}],"collection":[{"href":"https:\/\/oneskates.com\/es\/wp-json\/wp\/v2\/product"}],"about":[{"href":"https:\/\/oneskates.com\/es\/wp-json\/wp\/v2\/types\/product"}],"replies":[{"embeddable":true,"href":"https:\/\/oneskates.com\/es\/wp-json\/wp\/v2\/comments?post=847"}],"version-history":[{"count":15,"href":"https:\/\/oneskates.com\/es\/wp-json\/wp\/v2\/product\/847\/revisions"}],"predecessor-version":[{"id":1508,"href":"https:\/\/oneskates.com\/es\/wp-json\/wp\/v2\/product\/847\/revisions\/1508"}],"wp:featuredmedia":[{"embeddable":true,"href":"https:\/\/oneskates.com\/es\/wp-json\/wp\/v2\/media\/1063"}],"wp:attachment":[{"href":"https:\/\/oneskates.com\/es\/wp-json\/wp\/v2\/media?parent=847"}],"wp:term":[{"taxonomy":"product_brand","embeddable":true,"href":"https:\/\/oneskates.com\/es\/wp-json\/wp\/v2\/product_brand?post=847"},{"taxonomy":"product_cat","embeddable":true,"href":"https:\/\/oneskates.com\/es\/wp-json\/wp\/v2\/product_cat?post=847"},{"taxonomy":"product_tag","embeddable":true,"href":"https:\/\/oneskates.com\/es\/wp-json\/wp\/v2\/product_tag?post=847"}],"curies":[{"name":"wp","href":"https:\/\/api.w.org\/{rel}","templated":true}]}}