{"id":2078,"date":"2024-09-28T13:41:40","date_gmt":"2024-09-28T13:41:40","guid":{"rendered":"https:\/\/oneskates.com\/?post_type=product&#038;p=2078"},"modified":"2025-07-29T10:15:15","modified_gmt":"2025-07-29T10:15:15","slug":"one-skates-bucket-hat","status":"publish","type":"product","link":"https:\/\/oneskates.com\/es\/producto\/one-skates-bucket-hat\/","title":{"rendered":"Sombrero de Pescador One Skates"},"content":{"rendered":"<p>Mantente fresco y con estilo con el sombrero de pescador One Skates. Con un dise\u00f1o minimalista y el ic\u00f3nico logo de One Skates en el frente, este sombrero es perfecto tanto para salidas casuales como para sesiones de patinaje. Confeccionado con tela ligera y duradera, ofrece un ajuste c\u00f3modo y protecci\u00f3n solar, lo que lo convierte en un accesorio pr\u00e1ctico pero a la moda para cualquier patinador. Su color negro combina f\u00e1cilmente con cualquier atuendo, mientras que su ala suave a\u00f1ade un toque relajado a tu look. Ya sea que est\u00e9s patinando o simplemente pasando el rato, este sombrero es un accesorio vers\u00e1til imprescindible.<\/p>","protected":false},"excerpt":{"rendered":"<p>Un sombrero de pescador elegante y c\u00f3modo con el logo de One Skates, ideal para uso casual o sesiones de patinaje. Duradero y con estilo, perfecto para el armario de cualquier patinador.<\/p>","protected":false},"featured_media":2075,"comment_status":"open","ping_status":"closed","template":"","meta":[],"product_brand":[],"product_cat":[40],"product_tag":[],"class_list":{"0":"post-2078","1":"product","2":"type-product","3":"status-publish","4":"has-post-thumbnail","6":"product_cat-merchandising","8":"first","9":"instock","10":"taxable","11":"shipping-taxable","12":"purchasable","13":"product-type-simple"},"supplier_id":null,"supplier_sku":"","barcode":null,"atum_controlled":true,"out_stock_date":null,"out_stock_threshold":null,"inheritable":false,"inbound_stock":0,"stock_on_hold":0,"sold_today":0,"sales_last_days":0,"reserved_stock":0,"customer_returns":0,"warehouse_damage":0,"lost_in_post":0,"other_logs":0,"out_stock_days":0,"lost_sales":0,"has_location":false,"update_date":"2026-04-25T03:23:17","atum_locations":[],"atum_stock_status":"instock","restock_status":false,"low_stock_amount":"","sales_update_date":"2026-04-25T03:23:17","calc_backorders":null,"yoast_head":"<!-- This site is optimized with the Yoast SEO plugin v27.4 - https:\/\/yoast.com\/product\/yoast-seo-wordpress\/ -->\n<title>One Skates Bucket Hat - ONE SKATES<\/title>\n<meta name=\"robots\" content=\"index, follow, max-snippet:-1, max-image-preview:large, max-video-preview:-1\" \/>\n<link rel=\"canonical\" href=\"https:\/\/oneskates.com\/es\/producto\/one-skates-bucket-hat\/\" \/>\n<meta property=\"og:locale\" content=\"es_ES\" \/>\n<meta property=\"og:type\" content=\"article\" \/>\n<meta property=\"og:title\" content=\"One Skates Bucket Hat - ONE SKATES\" \/>\n<meta property=\"og:description\" content=\"A sleek and comfortable bucket hat with the One Skates logo, ideal for casual wear or skate sessions. Durable and stylish for any skater&#039;s wardrobe.\" \/>\n<meta property=\"og:url\" content=\"https:\/\/oneskates.com\/es\/producto\/one-skates-bucket-hat\/\" \/>\n<meta property=\"og:site_name\" content=\"ONE SKATES\" \/>\n<meta property=\"article:modified_time\" content=\"2025-07-29T10:15:15+00:00\" \/>\n<meta property=\"og:image\" content=\"https:\/\/oneskates.com\/wp-content\/uploads\/2024\/09\/hat-bucket.png\" \/>\n\t<meta property=\"og:image:width\" content=\"600\" \/>\n\t<meta property=\"og:image:height\" content=\"600\" \/>\n\t<meta property=\"og:image:type\" content=\"image\/png\" \/>\n<meta name=\"twitter:card\" content=\"summary_large_image\" \/>\n<meta name=\"twitter:label1\" content=\"Tiempo de lectura\" \/>\n\t<meta name=\"twitter:data1\" content=\"1 minuto\" \/>\n<script type=\"application\/ld+json\" class=\"yoast-schema-graph\">{\"@context\":\"https:\\\/\\\/schema.org\",\"@graph\":[{\"@type\":\"WebPage\",\"@id\":\"https:\\\/\\\/oneskates.com\\\/product\\\/one-skates-bucket-hat\\\/\",\"url\":\"https:\\\/\\\/oneskates.com\\\/product\\\/one-skates-bucket-hat\\\/\",\"name\":\"One Skates Bucket Hat - ONE SKATES\",\"isPartOf\":{\"@id\":\"https:\\\/\\\/oneskates.com\\\/#website\"},\"primaryImageOfPage\":{\"@id\":\"https:\\\/\\\/oneskates.com\\\/product\\\/one-skates-bucket-hat\\\/#primaryimage\"},\"image\":{\"@id\":\"https:\\\/\\\/oneskates.com\\\/product\\\/one-skates-bucket-hat\\\/#primaryimage\"},\"thumbnailUrl\":\"https:\\\/\\\/oneskates.com\\\/wp-content\\\/uploads\\\/2024\\\/09\\\/hat-bucket.png\",\"datePublished\":\"2024-09-28T13:41:40+00:00\",\"dateModified\":\"2025-07-29T10:15:15+00:00\",\"breadcrumb\":{\"@id\":\"https:\\\/\\\/oneskates.com\\\/product\\\/one-skates-bucket-hat\\\/#breadcrumb\"},\"inLanguage\":\"es\",\"potentialAction\":[{\"@type\":\"ReadAction\",\"target\":[\"https:\\\/\\\/oneskates.com\\\/product\\\/one-skates-bucket-hat\\\/\"]}]},{\"@type\":\"ImageObject\",\"inLanguage\":\"es\",\"@id\":\"https:\\\/\\\/oneskates.com\\\/product\\\/one-skates-bucket-hat\\\/#primaryimage\",\"url\":\"https:\\\/\\\/oneskates.com\\\/wp-content\\\/uploads\\\/2024\\\/09\\\/hat-bucket.png\",\"contentUrl\":\"https:\\\/\\\/oneskates.com\\\/wp-content\\\/uploads\\\/2024\\\/09\\\/hat-bucket.png\",\"width\":600,\"height\":600},{\"@type\":\"BreadcrumbList\",\"@id\":\"https:\\\/\\\/oneskates.com\\\/product\\\/one-skates-bucket-hat\\\/#breadcrumb\",\"itemListElement\":[{\"@type\":\"ListItem\",\"position\":1,\"name\":\"Home\",\"item\":\"https:\\\/\\\/oneskates.com\\\/\"},{\"@type\":\"ListItem\",\"position\":2,\"name\":\"Shop\",\"item\":\"https:\\\/\\\/oneskates.com\\\/shop\\\/\"},{\"@type\":\"ListItem\",\"position\":3,\"name\":\"One Skates Bucket Hat\"}]},{\"@type\":\"WebSite\",\"@id\":\"https:\\\/\\\/oneskates.com\\\/#website\",\"url\":\"https:\\\/\\\/oneskates.com\\\/\",\"name\":\"ONE SKATES\",\"description\":\"The Future of Skating\",\"publisher\":{\"@id\":\"https:\\\/\\\/oneskates.com\\\/#organization\"},\"potentialAction\":[{\"@type\":\"SearchAction\",\"target\":{\"@type\":\"EntryPoint\",\"urlTemplate\":\"https:\\\/\\\/oneskates.com\\\/?s={search_term_string}\"},\"query-input\":{\"@type\":\"PropertyValueSpecification\",\"valueRequired\":true,\"valueName\":\"search_term_string\"}}],\"inLanguage\":\"es\"},{\"@type\":\"Organization\",\"@id\":\"https:\\\/\\\/oneskates.com\\\/#organization\",\"name\":\"ONE SKATES\",\"url\":\"https:\\\/\\\/oneskates.com\\\/\",\"logo\":{\"@type\":\"ImageObject\",\"inLanguage\":\"es\",\"@id\":\"https:\\\/\\\/oneskates.com\\\/#\\\/schema\\\/logo\\\/image\\\/\",\"url\":\"https:\\\/\\\/oneskates.com\\\/wp-content\\\/uploads\\\/2023\\\/07\\\/cropped-Asset-2@4x.png\",\"contentUrl\":\"https:\\\/\\\/oneskates.com\\\/wp-content\\\/uploads\\\/2023\\\/07\\\/cropped-Asset-2@4x.png\",\"width\":512,\"height\":512,\"caption\":\"ONE SKATES\"},\"image\":{\"@id\":\"https:\\\/\\\/oneskates.com\\\/#\\\/schema\\\/logo\\\/image\\\/\"},\"sameAs\":[\"https:\\\/\\\/www.instagram.com\\\/oneskates\"]}]}<\/script>\n<!-- \/ Yoast SEO plugin. -->","yoast_head_json":{"title":"One Skates Bucket Hat - ONE SKATES","robots":{"index":"index","follow":"follow","max-snippet":"max-snippet:-1","max-image-preview":"max-image-preview:large","max-video-preview":"max-video-preview:-1"},"canonical":"https:\/\/oneskates.com\/es\/producto\/one-skates-bucket-hat\/","og_locale":"es_ES","og_type":"article","og_title":"One Skates Bucket Hat - ONE SKATES","og_description":"A sleek and comfortable bucket hat with the One Skates logo, ideal for casual wear or skate sessions. Durable and stylish for any skater's wardrobe.","og_url":"https:\/\/oneskates.com\/es\/producto\/one-skates-bucket-hat\/","og_site_name":"ONE SKATES","article_modified_time":"2025-07-29T10:15:15+00:00","og_image":[{"width":600,"height":600,"url":"https:\/\/oneskates.com\/wp-content\/uploads\/2024\/09\/hat-bucket.png","type":"image\/png"}],"twitter_card":"summary_large_image","twitter_misc":{"Tiempo de lectura":"1 minuto"},"schema":{"@context":"https:\/\/schema.org","@graph":[{"@type":"WebPage","@id":"https:\/\/oneskates.com\/product\/one-skates-bucket-hat\/","url":"https:\/\/oneskates.com\/product\/one-skates-bucket-hat\/","name":"One Skates Bucket Hat - ONE SKATES","isPartOf":{"@id":"https:\/\/oneskates.com\/#website"},"primaryImageOfPage":{"@id":"https:\/\/oneskates.com\/product\/one-skates-bucket-hat\/#primaryimage"},"image":{"@id":"https:\/\/oneskates.com\/product\/one-skates-bucket-hat\/#primaryimage"},"thumbnailUrl":"https:\/\/oneskates.com\/wp-content\/uploads\/2024\/09\/hat-bucket.png","datePublished":"2024-09-28T13:41:40+00:00","dateModified":"2025-07-29T10:15:15+00:00","breadcrumb":{"@id":"https:\/\/oneskates.com\/product\/one-skates-bucket-hat\/#breadcrumb"},"inLanguage":"es","potentialAction":[{"@type":"ReadAction","target":["https:\/\/oneskates.com\/product\/one-skates-bucket-hat\/"]}]},{"@type":"ImageObject","inLanguage":"es","@id":"https:\/\/oneskates.com\/product\/one-skates-bucket-hat\/#primaryimage","url":"https:\/\/oneskates.com\/wp-content\/uploads\/2024\/09\/hat-bucket.png","contentUrl":"https:\/\/oneskates.com\/wp-content\/uploads\/2024\/09\/hat-bucket.png","width":600,"height":600},{"@type":"BreadcrumbList","@id":"https:\/\/oneskates.com\/product\/one-skates-bucket-hat\/#breadcrumb","itemListElement":[{"@type":"ListItem","position":1,"name":"Home","item":"https:\/\/oneskates.com\/"},{"@type":"ListItem","position":2,"name":"Shop","item":"https:\/\/oneskates.com\/shop\/"},{"@type":"ListItem","position":3,"name":"One Skates Bucket Hat"}]},{"@type":"WebSite","@id":"https:\/\/oneskates.com\/#website","url":"https:\/\/oneskates.com\/","name":"ONE SKATES","description":"The Future of Skating","publisher":{"@id":"https:\/\/oneskates.com\/#organization"},"potentialAction":[{"@type":"SearchAction","target":{"@type":"EntryPoint","urlTemplate":"https:\/\/oneskates.com\/?s={search_term_string}"},"query-input":{"@type":"PropertyValueSpecification","valueRequired":true,"valueName":"search_term_string"}}],"inLanguage":"es"},{"@type":"Organization","@id":"https:\/\/oneskates.com\/#organization","name":"ONE SKATES","url":"https:\/\/oneskates.com\/","logo":{"@type":"ImageObject","inLanguage":"es","@id":"https:\/\/oneskates.com\/#\/schema\/logo\/image\/","url":"https:\/\/oneskates.com\/wp-content\/uploads\/2023\/07\/cropped-Asset-2@4x.png","contentUrl":"https:\/\/oneskates.com\/wp-content\/uploads\/2023\/07\/cropped-Asset-2@4x.png","width":512,"height":512,"caption":"ONE SKATES"},"image":{"@id":"https:\/\/oneskates.com\/#\/schema\/logo\/image\/"},"sameAs":["https:\/\/www.instagram.com\/oneskates"]}]}},"_links":{"self":[{"href":"https:\/\/oneskates.com\/es\/wp-json\/wp\/v2\/product\/2078","targetHints":{"allow":["GET"]}}],"collection":[{"href":"https:\/\/oneskates.com\/es\/wp-json\/wp\/v2\/product"}],"about":[{"href":"https:\/\/oneskates.com\/es\/wp-json\/wp\/v2\/types\/product"}],"replies":[{"embeddable":true,"href":"https:\/\/oneskates.com\/es\/wp-json\/wp\/v2\/comments?post=2078"}],"version-history":[{"count":1,"href":"https:\/\/oneskates.com\/es\/wp-json\/wp\/v2\/product\/2078\/revisions"}],"predecessor-version":[{"id":2081,"href":"https:\/\/oneskates.com\/es\/wp-json\/wp\/v2\/product\/2078\/revisions\/2081"}],"wp:featuredmedia":[{"embeddable":true,"href":"https:\/\/oneskates.com\/es\/wp-json\/wp\/v2\/media\/2075"}],"wp:attachment":[{"href":"https:\/\/oneskates.com\/es\/wp-json\/wp\/v2\/media?parent=2078"}],"wp:term":[{"taxonomy":"product_brand","embeddable":true,"href":"https:\/\/oneskates.com\/es\/wp-json\/wp\/v2\/product_brand?post=2078"},{"taxonomy":"product_cat","embeddable":true,"href":"https:\/\/oneskates.com\/es\/wp-json\/wp\/v2\/product_cat?post=2078"},{"taxonomy":"product_tag","embeddable":true,"href":"https:\/\/oneskates.com\/es\/wp-json\/wp\/v2\/product_tag?post=2078"}],"curies":[{"name":"wp","href":"https:\/\/api.w.org\/{rel}","templated":true}]}}