{"id":1673,"date":"2024-01-05T00:52:14","date_gmt":"2024-01-05T00:52:14","guid":{"rendered":"https:\/\/oneskates.com\/?post_type=product&#038;p=1673"},"modified":"2024-11-03T17:48:57","modified_gmt":"2024-11-03T17:48:57","slug":"uct-100mm-8-pack","status":"publish","type":"product","link":"https:\/\/oneskates.com\/es\/producto\/uct-100mm-8-pack\/","title":{"rendered":"UC Team 100mm 8-PACK"},"content":{"rendered":"<div data-elementor-type=\"product-post\" data-elementor-id=\"1673\" class=\"elementor elementor-1673\" data-elementor-post-type=\"product\">\n\t\t\t\t<div class=\"elementor-element elementor-element-4d9a6a81 e-flex e-con-boxed e-con e-parent\" data-id=\"4d9a6a81\" data-element_type=\"container\" data-e-type=\"container\">\n\t\t\t\t\t<div class=\"e-con-inner\">\n\t\t\t\t<div class=\"elementor-element elementor-element-6f6c6b63 elementor-widget elementor-widget-text-editor\" data-id=\"6f6c6b63\" data-element_type=\"widget\" data-e-type=\"widget\" data-widget_type=\"text-editor.default\">\n\t\t\t\t<div class=\"elementor-widget-container\">\n\t\t\t\t\t\t\t\t\t<p><span style=\"color: var( --e-global-color-text ); font-family: var( --e-global-typography-text-font-family ), Sans-serif; font-weight: var( --e-global-typography-text-font-weight ); text-align: var(--text-align); letter-spacing: 0px; word-spacing: 0em; background-color: var( --e-global-color-6590239 );\">Undercover Team&nbsp;<\/span><span style=\"text-align: var(--text-align); background-color: var( --e-global-color-6590239 );\">\u2013 las ruedas definitivas para patinaje urbano, estilo libre y agresivo. Fabricadas con poliuretano de primera calidad para resistencia a la abrasi\u00f3n, estas ruedas vertidas en Estados Unidos garantizan un rodaje suave. Con una dureza de 86A, experimenta un paseo consistentemente suave, perfecto para dominar trucos y navegar la ciudad sin esfuerzo.<\/span><\/p>\n<h5 style=\"box-sizing: border-box; margin-block: 0.5rem 1rem; font-family: Roboto, sans-serif; font-weight: 500; line-height: 1.2; color: #c4c4c4; font-size: 1.25rem; font-style: normal; font-variant-ligatures: normal; font-variant-caps: normal; letter-spacing: normal; orphans: 2; text-align: start; text-indent: 0px; text-transform: none; widows: 2; word-spacing: 0px; -webkit-text-stroke-width: 0px; white-space: normal; background-color: #252a35; text-decoration-thickness: initial; text-decoration-style: initial; text-decoration-color: initial;\"><span style=\"box-sizing: border-box; font-weight: bolder;\">Especificaciones<\/span><\/h5>\n<div>\n<ul style=\"font-weight: 400; font-size: 16px; background-color: #252a35;\">\n<li style=\"font-size: 16px;\"><span style=\"background-color: transparent; color: var( --e-global-color-text ); font-family: var( --e-global-typography-text-font-family ), Sans-serif; font-weight: var( --e-global-typography-text-font-weight ); letter-spacing: 0px; text-align: var(--text-align); word-spacing: 0em;\">Diameter: 100mm<\/span><\/li>\n<li style=\"font-size: 16px;\"><span style=\"background-color: transparent; color: var( --e-global-color-text ); font-family: var( --e-global-typography-text-font-family ), Sans-serif; font-weight: var( --e-global-typography-text-font-weight ); text-align: var(--text-align); letter-spacing: 0px; word-spacing: 0em;\">Hardness: 86A<br><\/span><\/li>\n<li style=\"font-size: 16px;\"><span style=\"background-color: transparent; color: var( --e-global-color-text ); font-family: var( --e-global-typography-text-font-family ), Sans-serif; font-weight: var( --e-global-typography-text-font-weight ); text-align: var(--text-align); letter-spacing: 0px; word-spacing: 0em;\">Profile: Bullet<\/span><\/li>\n<\/ul>\n<div>&nbsp;<\/div>\n<div><span style=\"background-color: var( --e-global-color-6590239 ); color: var( --e-global-color-text ); font-family: var( --e-global-typography-text-font-family ), Sans-serif; font-size: 1.25rem; font-weight: bolder; letter-spacing: 0px; text-align: var(--text-align); word-spacing: 0em;\">El paquete incluye<\/span><\/div>\n<div><span style=\"background-color: var( --e-global-color-6590239 ); color: var( --e-global-color-text ); font-family: var( --e-global-typography-text-font-family ), Sans-serif; font-size: 1.25rem; font-weight: bolder; letter-spacing: 0px; text-align: var(--text-align); word-spacing: 0em;\">&nbsp;<\/span><\/div>\n<\/div>\n<ul style=\"font-size: 16px; background-color: #252a35;\">\n<li style=\"font-size: 16px;\"><span style=\"background-color: transparent; color: var( --e-global-color-text ); font-family: var( --e-global-typography-text-font-family ), Sans-serif; font-weight: var( --e-global-typography-text-font-weight ); text-align: var(--text-align); letter-spacing: 0px; word-spacing: 0em;\">8x100mm wheels<\/span><\/li>\n<\/ul>\t\t\t\t\t\t\t\t<\/div>\n\t\t\t\t<\/div>\n\t\t\t\t\t<\/div>\n\t\t\t\t<\/div>\n\t\t<div class=\"elementor-element elementor-element-6e0bf3b e-flex e-con-boxed e-con e-parent\" data-id=\"6e0bf3b\" data-element_type=\"container\" data-e-type=\"container\">\n\t\t\t\t\t<div class=\"e-con-inner\">\n\t\t\t\t<div class=\"elementor-element elementor-element-a49bdc5 elementor-widget elementor-widget-video\" data-id=\"a49bdc5\" data-element_type=\"widget\" data-e-type=\"widget\" data-settings=\"{&quot;youtube_url&quot;:&quot;https:\\\/\\\/www.youtube.com\\\/watch?v=C11XXT9jRak&amp;t=2s&quot;,&quot;video_type&quot;:&quot;youtube&quot;,&quot;controls&quot;:&quot;yes&quot;}\" data-widget_type=\"video.default\">\n\t\t\t\t<div class=\"elementor-widget-container\">\n\t\t\t\t\t\t\t<div class=\"elementor-wrapper elementor-open-inline\">\n\t\t\t<div class=\"elementor-video\"><\/div>\t\t<\/div>\n\t\t\t\t\t\t<\/div>\n\t\t\t\t<\/div>\n\t\t\t\t\t<\/div>\n\t\t\t\t<\/div>\n\t\t\t\t<\/div>","protected":false},"excerpt":{"rendered":"<p>Undercover Team 100 \/ 86 Blanco: Rueda de alta calidad y larga duraci\u00f3n para patinaje en l\u00ednea urbano. El mejor poliuretano, n\u00facleo resistente, perfil de bala, 100 mm \/ dureza 86A.<\/p>","protected":false},"featured_media":1726,"comment_status":"open","ping_status":"closed","template":"","meta":[],"product_brand":[],"product_cat":[42],"product_tag":[],"class_list":{"0":"post-1673","1":"product","2":"type-product","3":"status-publish","4":"has-post-thumbnail","6":"product_cat-wheels","8":"first","9":"outofstock","10":"taxable","11":"shipping-taxable","12":"purchasable","13":"product-type-simple"},"supplier_id":null,"supplier_sku":"","barcode":null,"atum_controlled":true,"out_stock_date":"2024-11-03 17:48:57","out_stock_threshold":null,"inheritable":false,"inbound_stock":0,"stock_on_hold":0,"sold_today":0,"sales_last_days":0,"reserved_stock":0,"customer_returns":0,"warehouse_damage":0,"lost_in_post":0,"other_logs":0,"out_stock_days":537,"lost_sales":0,"has_location":false,"update_date":"2026-04-25T03:23:17","atum_locations":[],"atum_stock_status":"outofstock","restock_status":false,"low_stock_amount":"","sales_update_date":"2026-04-25T03:23:17","calc_backorders":null,"yoast_head":"<!-- This site is optimized with the Yoast SEO plugin v27.4 - https:\/\/yoast.com\/product\/yoast-seo-wordpress\/ -->\n<title>UC Team 100mm 8-PACK - ONE SKATES<\/title>\n<meta name=\"robots\" content=\"index, follow, max-snippet:-1, max-image-preview:large, max-video-preview:-1\" \/>\n<link rel=\"canonical\" href=\"https:\/\/oneskates.com\/es\/producto\/uct-100mm-8-pack\/\" \/>\n<meta property=\"og:locale\" content=\"es_ES\" \/>\n<meta property=\"og:type\" content=\"article\" \/>\n<meta property=\"og:title\" content=\"UC Team 100mm 8-PACK - ONE SKATES\" \/>\n<meta property=\"og:description\" content=\"Undercover Team 100 \/ 86 White - High-quality, long-lasting wheel for urban inline skating. The finest PU, strong hub, bullet profile, 100mm \/ 86A hardness.\" \/>\n<meta property=\"og:url\" content=\"https:\/\/oneskates.com\/es\/producto\/uct-100mm-8-pack\/\" \/>\n<meta property=\"og:site_name\" content=\"ONE SKATES\" \/>\n<meta property=\"article:modified_time\" content=\"2024-11-03T17:48:57+00:00\" \/>\n<meta property=\"og:image\" content=\"https:\/\/oneskates.com\/wp-content\/uploads\/2024\/01\/cUTC100.png\" \/>\n\t<meta property=\"og:image:width\" content=\"1080\" \/>\n\t<meta property=\"og:image:height\" content=\"1080\" \/>\n\t<meta property=\"og:image:type\" content=\"image\/png\" \/>\n<meta name=\"twitter:card\" content=\"summary_large_image\" \/>\n<script type=\"application\/ld+json\" class=\"yoast-schema-graph\">{\"@context\":\"https:\\\/\\\/schema.org\",\"@graph\":[{\"@type\":\"WebPage\",\"@id\":\"https:\\\/\\\/oneskates.com\\\/product\\\/uct-100mm-8-pack\\\/\",\"url\":\"https:\\\/\\\/oneskates.com\\\/product\\\/uct-100mm-8-pack\\\/\",\"name\":\"UC Team 100mm 8-PACK - ONE SKATES\",\"isPartOf\":{\"@id\":\"https:\\\/\\\/oneskates.com\\\/#website\"},\"primaryImageOfPage\":{\"@id\":\"https:\\\/\\\/oneskates.com\\\/product\\\/uct-100mm-8-pack\\\/#primaryimage\"},\"image\":{\"@id\":\"https:\\\/\\\/oneskates.com\\\/product\\\/uct-100mm-8-pack\\\/#primaryimage\"},\"thumbnailUrl\":\"https:\\\/\\\/oneskates.com\\\/wp-content\\\/uploads\\\/2024\\\/01\\\/cUTC100.png\",\"datePublished\":\"2024-01-05T00:52:14+00:00\",\"dateModified\":\"2024-11-03T17:48:57+00:00\",\"breadcrumb\":{\"@id\":\"https:\\\/\\\/oneskates.com\\\/product\\\/uct-100mm-8-pack\\\/#breadcrumb\"},\"inLanguage\":\"es\",\"potentialAction\":[{\"@type\":\"ReadAction\",\"target\":[\"https:\\\/\\\/oneskates.com\\\/product\\\/uct-100mm-8-pack\\\/\"]}]},{\"@type\":\"ImageObject\",\"inLanguage\":\"es\",\"@id\":\"https:\\\/\\\/oneskates.com\\\/product\\\/uct-100mm-8-pack\\\/#primaryimage\",\"url\":\"https:\\\/\\\/oneskates.com\\\/wp-content\\\/uploads\\\/2024\\\/01\\\/cUTC100.png\",\"contentUrl\":\"https:\\\/\\\/oneskates.com\\\/wp-content\\\/uploads\\\/2024\\\/01\\\/cUTC100.png\",\"width\":1080,\"height\":1080},{\"@type\":\"BreadcrumbList\",\"@id\":\"https:\\\/\\\/oneskates.com\\\/product\\\/uct-100mm-8-pack\\\/#breadcrumb\",\"itemListElement\":[{\"@type\":\"ListItem\",\"position\":1,\"name\":\"Home\",\"item\":\"https:\\\/\\\/oneskates.com\\\/\"},{\"@type\":\"ListItem\",\"position\":2,\"name\":\"Shop\",\"item\":\"https:\\\/\\\/oneskates.com\\\/shop\\\/\"},{\"@type\":\"ListItem\",\"position\":3,\"name\":\"UC Team 100mm 8-PACK\"}]},{\"@type\":\"WebSite\",\"@id\":\"https:\\\/\\\/oneskates.com\\\/#website\",\"url\":\"https:\\\/\\\/oneskates.com\\\/\",\"name\":\"ONE SKATES\",\"description\":\"The Future of Skating\",\"publisher\":{\"@id\":\"https:\\\/\\\/oneskates.com\\\/#organization\"},\"potentialAction\":[{\"@type\":\"SearchAction\",\"target\":{\"@type\":\"EntryPoint\",\"urlTemplate\":\"https:\\\/\\\/oneskates.com\\\/?s={search_term_string}\"},\"query-input\":{\"@type\":\"PropertyValueSpecification\",\"valueRequired\":true,\"valueName\":\"search_term_string\"}}],\"inLanguage\":\"es\"},{\"@type\":\"Organization\",\"@id\":\"https:\\\/\\\/oneskates.com\\\/#organization\",\"name\":\"ONE SKATES\",\"url\":\"https:\\\/\\\/oneskates.com\\\/\",\"logo\":{\"@type\":\"ImageObject\",\"inLanguage\":\"es\",\"@id\":\"https:\\\/\\\/oneskates.com\\\/#\\\/schema\\\/logo\\\/image\\\/\",\"url\":\"https:\\\/\\\/oneskates.com\\\/wp-content\\\/uploads\\\/2023\\\/07\\\/cropped-Asset-2@4x.png\",\"contentUrl\":\"https:\\\/\\\/oneskates.com\\\/wp-content\\\/uploads\\\/2023\\\/07\\\/cropped-Asset-2@4x.png\",\"width\":512,\"height\":512,\"caption\":\"ONE SKATES\"},\"image\":{\"@id\":\"https:\\\/\\\/oneskates.com\\\/#\\\/schema\\\/logo\\\/image\\\/\"},\"sameAs\":[\"https:\\\/\\\/www.instagram.com\\\/oneskates\"]}]}<\/script>\n<!-- \/ Yoast SEO plugin. -->","yoast_head_json":{"title":"UC Team 100mm 8-PACK - ONE SKATES","robots":{"index":"index","follow":"follow","max-snippet":"max-snippet:-1","max-image-preview":"max-image-preview:large","max-video-preview":"max-video-preview:-1"},"canonical":"https:\/\/oneskates.com\/es\/producto\/uct-100mm-8-pack\/","og_locale":"es_ES","og_type":"article","og_title":"UC Team 100mm 8-PACK - ONE SKATES","og_description":"Undercover Team 100 \/ 86 White - High-quality, long-lasting wheel for urban inline skating. The finest PU, strong hub, bullet profile, 100mm \/ 86A hardness.","og_url":"https:\/\/oneskates.com\/es\/producto\/uct-100mm-8-pack\/","og_site_name":"ONE SKATES","article_modified_time":"2024-11-03T17:48:57+00:00","og_image":[{"width":1080,"height":1080,"url":"https:\/\/oneskates.com\/wp-content\/uploads\/2024\/01\/cUTC100.png","type":"image\/png"}],"twitter_card":"summary_large_image","schema":{"@context":"https:\/\/schema.org","@graph":[{"@type":"WebPage","@id":"https:\/\/oneskates.com\/product\/uct-100mm-8-pack\/","url":"https:\/\/oneskates.com\/product\/uct-100mm-8-pack\/","name":"UC Team 100mm 8-PACK - ONE SKATES","isPartOf":{"@id":"https:\/\/oneskates.com\/#website"},"primaryImageOfPage":{"@id":"https:\/\/oneskates.com\/product\/uct-100mm-8-pack\/#primaryimage"},"image":{"@id":"https:\/\/oneskates.com\/product\/uct-100mm-8-pack\/#primaryimage"},"thumbnailUrl":"https:\/\/oneskates.com\/wp-content\/uploads\/2024\/01\/cUTC100.png","datePublished":"2024-01-05T00:52:14+00:00","dateModified":"2024-11-03T17:48:57+00:00","breadcrumb":{"@id":"https:\/\/oneskates.com\/product\/uct-100mm-8-pack\/#breadcrumb"},"inLanguage":"es","potentialAction":[{"@type":"ReadAction","target":["https:\/\/oneskates.com\/product\/uct-100mm-8-pack\/"]}]},{"@type":"ImageObject","inLanguage":"es","@id":"https:\/\/oneskates.com\/product\/uct-100mm-8-pack\/#primaryimage","url":"https:\/\/oneskates.com\/wp-content\/uploads\/2024\/01\/cUTC100.png","contentUrl":"https:\/\/oneskates.com\/wp-content\/uploads\/2024\/01\/cUTC100.png","width":1080,"height":1080},{"@type":"BreadcrumbList","@id":"https:\/\/oneskates.com\/product\/uct-100mm-8-pack\/#breadcrumb","itemListElement":[{"@type":"ListItem","position":1,"name":"Home","item":"https:\/\/oneskates.com\/"},{"@type":"ListItem","position":2,"name":"Shop","item":"https:\/\/oneskates.com\/shop\/"},{"@type":"ListItem","position":3,"name":"UC Team 100mm 8-PACK"}]},{"@type":"WebSite","@id":"https:\/\/oneskates.com\/#website","url":"https:\/\/oneskates.com\/","name":"ONE SKATES","description":"The Future of Skating","publisher":{"@id":"https:\/\/oneskates.com\/#organization"},"potentialAction":[{"@type":"SearchAction","target":{"@type":"EntryPoint","urlTemplate":"https:\/\/oneskates.com\/?s={search_term_string}"},"query-input":{"@type":"PropertyValueSpecification","valueRequired":true,"valueName":"search_term_string"}}],"inLanguage":"es"},{"@type":"Organization","@id":"https:\/\/oneskates.com\/#organization","name":"ONE SKATES","url":"https:\/\/oneskates.com\/","logo":{"@type":"ImageObject","inLanguage":"es","@id":"https:\/\/oneskates.com\/#\/schema\/logo\/image\/","url":"https:\/\/oneskates.com\/wp-content\/uploads\/2023\/07\/cropped-Asset-2@4x.png","contentUrl":"https:\/\/oneskates.com\/wp-content\/uploads\/2023\/07\/cropped-Asset-2@4x.png","width":512,"height":512,"caption":"ONE SKATES"},"image":{"@id":"https:\/\/oneskates.com\/#\/schema\/logo\/image\/"},"sameAs":["https:\/\/www.instagram.com\/oneskates"]}]}},"_links":{"self":[{"href":"https:\/\/oneskates.com\/es\/wp-json\/wp\/v2\/product\/1673","targetHints":{"allow":["GET"]}}],"collection":[{"href":"https:\/\/oneskates.com\/es\/wp-json\/wp\/v2\/product"}],"about":[{"href":"https:\/\/oneskates.com\/es\/wp-json\/wp\/v2\/types\/product"}],"replies":[{"embeddable":true,"href":"https:\/\/oneskates.com\/es\/wp-json\/wp\/v2\/comments?post=1673"}],"version-history":[{"count":28,"href":"https:\/\/oneskates.com\/es\/wp-json\/wp\/v2\/product\/1673\/revisions"}],"predecessor-version":[{"id":1741,"href":"https:\/\/oneskates.com\/es\/wp-json\/wp\/v2\/product\/1673\/revisions\/1741"}],"wp:featuredmedia":[{"embeddable":true,"href":"https:\/\/oneskates.com\/es\/wp-json\/wp\/v2\/media\/1726"}],"wp:attachment":[{"href":"https:\/\/oneskates.com\/es\/wp-json\/wp\/v2\/media?parent=1673"}],"wp:term":[{"taxonomy":"product_brand","embeddable":true,"href":"https:\/\/oneskates.com\/es\/wp-json\/wp\/v2\/product_brand?post=1673"},{"taxonomy":"product_cat","embeddable":true,"href":"https:\/\/oneskates.com\/es\/wp-json\/wp\/v2\/product_cat?post=1673"},{"taxonomy":"product_tag","embeddable":true,"href":"https:\/\/oneskates.com\/es\/wp-json\/wp\/v2\/product_tag?post=1673"}],"curies":[{"name":"wp","href":"https:\/\/api.w.org\/{rel}","templated":true}]}}